{"id":83,"date":"2021-04-12T00:01:39","date_gmt":"2021-04-12T00:01:39","guid":{"rendered":"http:\/\/federicotoledo.com\/?page_id=83"},"modified":"2023-07-14T00:03:40","modified_gmt":"2023-07-14T00:03:40","slug":"blog","status":"publish","type":"page","link":"https:\/\/federicotoledo.com\/index.php\/blog\/","title":{"rendered":"Blog"},"content":{"rendered":"\t\t<div data-elementor-type=\"wp-page\" data-elementor-id=\"83\" class=\"elementor elementor-83\">\n\t\t\t\t\t\t<section class=\"elementor-section elementor-top-section elementor-element elementor-element-dca40ab elementor-section-full_width elementor-section-height-default elementor-section-height-default\" data-id=\"dca40ab\" data-element_type=\"section\" data-e-type=\"section\">\n\t\t\t\t\t\t\t<div class=\"elementor-background-overlay\"><\/div>\n\t\t\t\t\t\t\t<div class=\"elementor-container elementor-column-gap-no\">\n\t\t\t\t\t<div class=\"elementor-column elementor-col-100 elementor-top-column elementor-element elementor-element-d3bf716\" data-id=\"d3bf716\" data-element_type=\"column\" data-e-type=\"column\">\n\t\t\t<div class=\"elementor-widget-wrap elementor-element-populated\">\n\t\t\t\t\t\t<div class=\"elementor-element elementor-element-11e1f83 elementor-widget elementor-widget-image\" data-id=\"11e1f83\" data-element_type=\"widget\" data-e-type=\"widget\" data-widget_type=\"image.default\">\n\t\t\t\t<div class=\"elementor-widget-container\">\n\t\t\t\t\t\t\t\t\t\t\t\t\t\t\t<img fetchpriority=\"high\" decoding=\"async\" width=\"1348\" height=\"323\" src=\"https:\/\/federicotoledo.com\/wp-content\/uploads\/2023\/07\/header_ft-1.jpg\" class=\"attachment-full size-full wp-image-403\" alt=\"\" srcset=\"https:\/\/federicotoledo.com\/wp-content\/uploads\/2023\/07\/header_ft-1.jpg 1348w, https:\/\/federicotoledo.com\/wp-content\/uploads\/2023\/07\/header_ft-1-300x72.jpg 300w, https:\/\/federicotoledo.com\/wp-content\/uploads\/2023\/07\/header_ft-1-1024x245.jpg 1024w, https:\/\/federicotoledo.com\/wp-content\/uploads\/2023\/07\/header_ft-1-768x184.jpg 768w\" sizes=\"(max-width: 1348px) 100vw, 1348px\" \/>\t\t\t\t\t\t\t\t\t\t\t\t\t\t\t<\/div>\n\t\t\t\t<\/div>\n\t\t\t\t\t<\/div>\n\t\t<\/div>\n\t\t\t\t\t<\/div>\n\t\t<\/section>\n\t\t\t\t<section class=\"elementor-section elementor-top-section elementor-element elementor-element-88fe54b elementor-section-content-middle elementor-reverse-mobile elementor-section-boxed elementor-section-height-default elementor-section-height-default\" data-id=\"88fe54b\" data-element_type=\"section\" data-e-type=\"section\" data-settings=\"{&quot;background_background&quot;:&quot;classic&quot;}\">\n\t\t\t\t\t\t<div class=\"elementor-container elementor-column-gap-no\">\n\t\t\t\t\t<div class=\"elementor-column elementor-col-100 elementor-top-column elementor-element elementor-element-29852a2\" data-id=\"29852a2\" data-element_type=\"column\" data-e-type=\"column\">\n\t\t\t<div class=\"elementor-widget-wrap elementor-element-populated\">\n\t\t\t\t\t\t<div class=\"elementor-element elementor-element-507187e elementor-invisible elementor-widget elementor-widget-heading\" data-id=\"507187e\" data-element_type=\"widget\" data-e-type=\"widget\" data-settings=\"{&quot;_animation&quot;:&quot;fadeInDown&quot;}\" data-widget_type=\"heading.default\">\n\t\t\t\t<div class=\"elementor-widget-container\">\n\t\t\t\t\t<h4 class=\"elementor-heading-title elementor-size-default\">PUBLICACIONES<\/h4>\t\t\t\t<\/div>\n\t\t\t\t<\/div>\n\t\t\t\t\t<\/div>\n\t\t<\/div>\n\t\t\t\t\t<\/div>\n\t\t<\/section>\n\t\t\t\t<section class=\"elementor-section elementor-top-section elementor-element elementor-element-e8c2940 elementor-section-boxed elementor-section-height-default elementor-section-height-default\" data-id=\"e8c2940\" data-element_type=\"section\" data-e-type=\"section\">\n\t\t\t\t\t\t<div class=\"elementor-container elementor-column-gap-default\">\n\t\t\t\t\t<div class=\"elementor-column elementor-col-100 elementor-top-column elementor-element elementor-element-5ca1e28\" data-id=\"5ca1e28\" data-element_type=\"column\" data-e-type=\"column\">\n\t\t\t<div class=\"elementor-widget-wrap elementor-element-populated\">\n\t\t\t\t\t\t<div class=\"elementor-element elementor-element-575c8dc elementor-grid-eael-col-4 elementor-grid-tablet-eael-col-2 elementor-grid-mobile-eael-col-1 elementor-widget elementor-widget-eael-post-grid\" data-id=\"575c8dc\" data-element_type=\"widget\" data-e-type=\"widget\" data-settings=\"{&quot;eael_post_grid_columns&quot;:&quot;eael-col-4&quot;,&quot;eael_post_grid_columns_tablet&quot;:&quot;eael-col-2&quot;,&quot;eael_post_grid_columns_mobile&quot;:&quot;eael-col-1&quot;}\" data-widget_type=\"eael-post-grid.default\">\n\t\t\t\t<div class=\"elementor-widget-container\">\n\t\t\t\t\t<div id=\"eael-post-grid-575c8dc\" class=\"eael-post-grid-container\">\n            <div class=\"eael-post-grid eael-post-appender eael-post-appender-575c8dc eael-post-grid-style-one\" data-layout-mode=\"masonry\"><article class=\"eael-grid-post  eael-post-grid-column eael-pg-post-1859 category-bienestardigital\" data-id=\"1859\">\n        <div class=\"eael-grid-post-holder\">\n            <div class=\"eael-grid-post-holder-inner\"><div class=\"eael-entry-media\"><ul class=\"post-carousel-categories\"><li><a href=\"https:\/\/federicotoledo.com\/index.php\/category\/bienestardigital\/\">Bienestar Digital<\/a><\/li><\/ul><div class=\"eael-entry-overlay fade-in\"><i class=\"fas fa-long-arrow-alt-right\" aria-hidden=\"true\"><\/i><a href=\"https:\/\/federicotoledo.com\/index.php\/2024\/04\/20\/duelos-digitales-y-espiritus-virtuales\/\"><\/a><\/div><div class=\"eael-entry-thumbnail \">\n                <img decoding=\"async\" width=\"300\" height=\"169\" src=\"https:\/\/federicotoledo.com\/wp-content\/uploads\/2024\/04\/Duelosdigitales_blog-300x169.jpg\" class=\"attachment-medium size-medium wp-image-1860\" alt=\"\" srcset=\"https:\/\/federicotoledo.com\/wp-content\/uploads\/2024\/04\/Duelosdigitales_blog-300x169.jpg 300w, https:\/\/federicotoledo.com\/wp-content\/uploads\/2024\/04\/Duelosdigitales_blog-1024x576.jpg 1024w, https:\/\/federicotoledo.com\/wp-content\/uploads\/2024\/04\/Duelosdigitales_blog-768x432.jpg 768w, https:\/\/federicotoledo.com\/wp-content\/uploads\/2024\/04\/Duelosdigitales_blog.jpg 1280w\" sizes=\"(max-width: 300px) 100vw, 300px\" \/>\n            <\/div>\n        <\/div><div class=\"eael-entry-wrapper\"><header class=\"eael-entry-header\"><h2 class=\"eael-entry-title\"><a class=\"eael-grid-post-link\" href=\"https:\/\/federicotoledo.com\/index.php\/2024\/04\/20\/duelos-digitales-y-espiritus-virtuales\/\" title=\"Duelos digitales y esp\u00edritus virtuales\">Duelos digitales y esp\u00edritus virtuales<\/a><\/h2><\/header><div class=\"eael-entry-header-after\"><div class=\"eael-author-avatar\"><a href=\"https:\/\/federicotoledo.com\/index.php\/author\/rominaineschavezhotmail-com\/\"><img alt='toledofede' src='https:\/\/secure.gravatar.com\/avatar\/979e33e6b591e964326f0d28d3828ab2f96871253e39a1dfb287297125f1bc2b?s=96&#038;d=mm&#038;r=g' srcset='https:\/\/secure.gravatar.com\/avatar\/979e33e6b591e964326f0d28d3828ab2f96871253e39a1dfb287297125f1bc2b?s=192&#038;d=mm&#038;r=g 2x' class='avatar avatar-96 photo' height='96' width='96' \/><\/a><\/div><div class=\"eael-entry-meta\"><span class=\"eael-posted-by\"><a href=\"https:\/\/federicotoledo.com\/index.php\/author\/rominaineschavezhotmail-com\/\" title=\"Posts by toledofede\" rel=\"author\">toledofede<\/a><\/span><\/div><\/div><div class=\"eael-entry-content\">\n                        <div class=\"eael-grid-post-excerpt\"><p>\u00bfEst\u00e1s listo para hablar con los muertos como en Black...<\/p><a href=\"https:\/\/federicotoledo.com\/index.php\/2024\/04\/20\/duelos-digitales-y-espiritus-virtuales\/\" class=\"eael-post-elements-readmore-btn\">LEER M\u00c1S<\/a><\/div>\n                    <\/div><\/div><\/div>\n        <\/div>\n    <\/article><article class=\"eael-grid-post  eael-post-grid-column eael-pg-post-1808 category-bienestardigital\" data-id=\"1808\">\n        <div class=\"eael-grid-post-holder\">\n            <div class=\"eael-grid-post-holder-inner\"><div class=\"eael-entry-media\"><ul class=\"post-carousel-categories\"><li><a href=\"https:\/\/federicotoledo.com\/index.php\/category\/bienestardigital\/\">Bienestar Digital<\/a><\/li><\/ul><div class=\"eael-entry-overlay fade-in\"><i class=\"fas fa-long-arrow-alt-right\" aria-hidden=\"true\"><\/i><a href=\"https:\/\/federicotoledo.com\/index.php\/2023\/10\/02\/gestionar-las-relaciones-a-traves-de-las-pantallas\/\"><\/a><\/div><div class=\"eael-entry-thumbnail \">\n                <img decoding=\"async\" width=\"300\" height=\"169\" src=\"https:\/\/federicotoledo.com\/wp-content\/uploads\/2023\/10\/gestionar-300x169.jpg\" class=\"attachment-medium size-medium wp-image-1810\" alt=\"\" srcset=\"https:\/\/federicotoledo.com\/wp-content\/uploads\/2023\/10\/gestionar-300x169.jpg 300w, https:\/\/federicotoledo.com\/wp-content\/uploads\/2023\/10\/gestionar-1024x576.jpg 1024w, https:\/\/federicotoledo.com\/wp-content\/uploads\/2023\/10\/gestionar-768x432.jpg 768w, https:\/\/federicotoledo.com\/wp-content\/uploads\/2023\/10\/gestionar.jpg 1280w\" sizes=\"(max-width: 300px) 100vw, 300px\" \/>\n            <\/div>\n        <\/div><div class=\"eael-entry-wrapper\"><header class=\"eael-entry-header\"><h2 class=\"eael-entry-title\"><a class=\"eael-grid-post-link\" href=\"https:\/\/federicotoledo.com\/index.php\/2023\/10\/02\/gestionar-las-relaciones-a-traves-de-las-pantallas\/\" title=\"Gestionar las relaciones a trav\u00e9s de las pantallas\">Gestionar las relaciones a trav\u00e9s de las pantallas<\/a><\/h2><\/header><div class=\"eael-entry-header-after\"><div class=\"eael-author-avatar\"><a href=\"https:\/\/federicotoledo.com\/index.php\/author\/rominaineschavezhotmail-com\/\"><img alt='toledofede' src='https:\/\/secure.gravatar.com\/avatar\/979e33e6b591e964326f0d28d3828ab2f96871253e39a1dfb287297125f1bc2b?s=96&#038;d=mm&#038;r=g' srcset='https:\/\/secure.gravatar.com\/avatar\/979e33e6b591e964326f0d28d3828ab2f96871253e39a1dfb287297125f1bc2b?s=192&#038;d=mm&#038;r=g 2x' class='avatar avatar-96 photo' height='96' width='96' \/><\/a><\/div><div class=\"eael-entry-meta\"><span class=\"eael-posted-by\"><a href=\"https:\/\/federicotoledo.com\/index.php\/author\/rominaineschavezhotmail-com\/\" title=\"Posts by toledofede\" rel=\"author\">toledofede<\/a><\/span><\/div><\/div><div class=\"eael-entry-content\">\n                        <div class=\"eael-grid-post-excerpt\"><p>Gestionar las relaciones a trav\u00e9s de las pantallas La comunicaci\u00f3n...<\/p><a href=\"https:\/\/federicotoledo.com\/index.php\/2023\/10\/02\/gestionar-las-relaciones-a-traves-de-las-pantallas\/\" class=\"eael-post-elements-readmore-btn\">LEER M\u00c1S<\/a><\/div>\n                    <\/div><\/div><\/div>\n        <\/div>\n    <\/article><article class=\"eael-grid-post  eael-post-grid-column eael-pg-post-1288 category-bienestardigital\" data-id=\"1288\">\n        <div class=\"eael-grid-post-holder\">\n            <div class=\"eael-grid-post-holder-inner\"><div class=\"eael-entry-media\"><ul class=\"post-carousel-categories\"><li><a href=\"https:\/\/federicotoledo.com\/index.php\/category\/bienestardigital\/\">Bienestar Digital<\/a><\/li><\/ul><div class=\"eael-entry-overlay fade-in\"><i class=\"fas fa-long-arrow-alt-right\" aria-hidden=\"true\"><\/i><a href=\"https:\/\/federicotoledo.com\/index.php\/2023\/07\/13\/reflexiones-de-un-psicologo-en-interaccion-con-el-chat-gpt\/\"><\/a><\/div><div class=\"eael-entry-thumbnail \">\n                <img loading=\"lazy\" decoding=\"async\" width=\"300\" height=\"171\" src=\"https:\/\/federicotoledo.com\/wp-content\/uploads\/2023\/07\/chatgpt-1-300x171.jpg\" class=\"attachment-medium size-medium wp-image-477\" alt=\"\" srcset=\"https:\/\/federicotoledo.com\/wp-content\/uploads\/2023\/07\/chatgpt-1-300x171.jpg 300w, https:\/\/federicotoledo.com\/wp-content\/uploads\/2023\/07\/chatgpt-1.jpg 450w\" sizes=\"(max-width: 300px) 100vw, 300px\" \/>\n            <\/div>\n        <\/div><div class=\"eael-entry-wrapper\"><header class=\"eael-entry-header\"><h2 class=\"eael-entry-title\"><a class=\"eael-grid-post-link\" href=\"https:\/\/federicotoledo.com\/index.php\/2023\/07\/13\/reflexiones-de-un-psicologo-en-interaccion-con-el-chat-gpt\/\" title=\"Reflexiones de un psic\u00f3logo en interacci\u00f3n con el Chat GPT\">Reflexiones de un psic\u00f3logo en interacci\u00f3n con el Chat GPT<\/a><\/h2><\/header><div class=\"eael-entry-header-after\"><div class=\"eael-author-avatar\"><a href=\"https:\/\/federicotoledo.com\/index.php\/author\/rominaineschavezhotmail-com\/\"><img alt='toledofede' src='https:\/\/secure.gravatar.com\/avatar\/979e33e6b591e964326f0d28d3828ab2f96871253e39a1dfb287297125f1bc2b?s=96&#038;d=mm&#038;r=g' srcset='https:\/\/secure.gravatar.com\/avatar\/979e33e6b591e964326f0d28d3828ab2f96871253e39a1dfb287297125f1bc2b?s=192&#038;d=mm&#038;r=g 2x' class='avatar avatar-96 photo' height='96' width='96' \/><\/a><\/div><div class=\"eael-entry-meta\"><span class=\"eael-posted-by\"><a href=\"https:\/\/federicotoledo.com\/index.php\/author\/rominaineschavezhotmail-com\/\" title=\"Posts by toledofede\" rel=\"author\">toledofede<\/a><\/span><\/div><\/div><div class=\"eael-entry-content\">\n                        <div class=\"eael-grid-post-excerpt\"><p>Vida en modalidad reel Usos, temor y desconcierto ante la...<\/p><a href=\"https:\/\/federicotoledo.com\/index.php\/2023\/07\/13\/reflexiones-de-un-psicologo-en-interaccion-con-el-chat-gpt\/\" class=\"eael-post-elements-readmore-btn\">LEER M\u00c1S<\/a><\/div>\n                    <\/div><\/div><\/div>\n        <\/div>\n    <\/article><article class=\"eael-grid-post  eael-post-grid-column eael-pg-post-1267 category-estresyansiedad\" data-id=\"1267\">\n        <div class=\"eael-grid-post-holder\">\n            <div class=\"eael-grid-post-holder-inner\"><div class=\"eael-entry-media\"><ul class=\"post-carousel-categories\"><li><a href=\"https:\/\/federicotoledo.com\/index.php\/category\/estresyansiedad\/\">Estr\u00e9s y Ansiedad<\/a><\/li><\/ul><div class=\"eael-entry-overlay fade-in\"><i class=\"fas fa-long-arrow-alt-right\" aria-hidden=\"true\"><\/i><a href=\"https:\/\/federicotoledo.com\/index.php\/2023\/07\/13\/vida-en-modalidad-reel\/\"><\/a><\/div><div class=\"eael-entry-thumbnail \">\n                <img loading=\"lazy\" decoding=\"async\" width=\"300\" height=\"169\" src=\"https:\/\/federicotoledo.com\/wp-content\/uploads\/2023\/07\/vidamodalidadreel-300x169.webp\" class=\"attachment-medium size-medium wp-image-1269\" alt=\"\" srcset=\"https:\/\/federicotoledo.com\/wp-content\/uploads\/2023\/07\/vidamodalidadreel-300x169.webp 300w, https:\/\/federicotoledo.com\/wp-content\/uploads\/2023\/07\/vidamodalidadreel-768x432.webp 768w, https:\/\/federicotoledo.com\/wp-content\/uploads\/2023\/07\/vidamodalidadreel.webp 987w\" sizes=\"(max-width: 300px) 100vw, 300px\" \/>\n            <\/div>\n        <\/div><div class=\"eael-entry-wrapper\"><header class=\"eael-entry-header\"><h2 class=\"eael-entry-title\"><a class=\"eael-grid-post-link\" href=\"https:\/\/federicotoledo.com\/index.php\/2023\/07\/13\/vida-en-modalidad-reel\/\" title=\"Vida en modalidad reel\">Vida en modalidad reel<\/a><\/h2><\/header><div class=\"eael-entry-header-after\"><div class=\"eael-author-avatar\"><a href=\"https:\/\/federicotoledo.com\/index.php\/author\/rominaineschavezhotmail-com\/\"><img alt='toledofede' src='https:\/\/secure.gravatar.com\/avatar\/979e33e6b591e964326f0d28d3828ab2f96871253e39a1dfb287297125f1bc2b?s=96&#038;d=mm&#038;r=g' srcset='https:\/\/secure.gravatar.com\/avatar\/979e33e6b591e964326f0d28d3828ab2f96871253e39a1dfb287297125f1bc2b?s=192&#038;d=mm&#038;r=g 2x' class='avatar avatar-96 photo' height='96' width='96' \/><\/a><\/div><div class=\"eael-entry-meta\"><span class=\"eael-posted-by\"><a href=\"https:\/\/federicotoledo.com\/index.php\/author\/rominaineschavezhotmail-com\/\" title=\"Posts by toledofede\" rel=\"author\">toledofede<\/a><\/span><\/div><\/div><div class=\"eael-entry-content\">\n                        <div class=\"eael-grid-post-excerpt\"><p>Vida en modalidad reel La prisa constante y la obsesi\u00f3n...<\/p><a href=\"https:\/\/federicotoledo.com\/index.php\/2023\/07\/13\/vida-en-modalidad-reel\/\" class=\"eael-post-elements-readmore-btn\">LEER M\u00c1S<\/a><\/div>\n                    <\/div><\/div><\/div>\n        <\/div>\n    <\/article><\/div>\n            <div class=\"clearfix\"><\/div>\n        <\/div>            <div class=\"eael-load-more-button-wrap eael-force-hide\">\n                <button class=\"eael-load-more-button\" id=\"eael-load-more-btn-575c8dc\" data-widget-id=\"575c8dc\" data-widget=\"575c8dc\" data-page-id=\"83\" data-template=\"{&quot;dir&quot;:&quot;lite&quot;,&quot;file_name&quot;:&quot;one.php&quot;,&quot;name&quot;:&quot;Post-Grid&quot;}\" data-class=\"Essential_Addons_Elementor\\Elements\\Post_Grid\" data-layout=\"masonry\" data-page=\"1\" data-args=\"orderby=date&amp;order=desc&amp;ignore_sticky_posts=1&amp;post_status=publish&amp;posts_per_page=4&amp;offset=0&amp;post_type=post\" data-max-page=\"2\">\n                    <span class=\"eael-btn-loader button__loader\"><\/span>\n                    <span class=\"eael_load_more_text\">Load More<\/span>\n                <\/button>\n            <\/div>\n            \t\t\t\t<\/div>\n\t\t\t\t<\/div>\n\t\t\t\t\t<\/div>\n\t\t<\/div>\n\t\t\t\t\t<\/div>\n\t\t<\/section>\n\t\t\t\t<section class=\"elementor-section elementor-top-section elementor-element elementor-element-f4112f1 elementor-section-boxed elementor-section-height-default elementor-section-height-default\" data-id=\"f4112f1\" data-element_type=\"section\" data-e-type=\"section\">\n\t\t\t\t\t\t<div class=\"elementor-container elementor-column-gap-default\">\n\t\t\t\t\t<div class=\"elementor-column elementor-col-100 elementor-top-column elementor-element elementor-element-102fe5c\" data-id=\"102fe5c\" data-element_type=\"column\" data-e-type=\"column\">\n\t\t\t<div class=\"elementor-widget-wrap\">\n\t\t\t\t\t\t\t<\/div>\n\t\t<\/div>\n\t\t\t\t\t<\/div>\n\t\t<\/section>\n\t\t\t\t<section class=\"elementor-section elementor-top-section elementor-element elementor-element-e628bb2 elementor-section-height-min-height elementor-section-boxed elementor-section-height-default elementor-section-items-middle\" data-id=\"e628bb2\" data-element_type=\"section\" data-e-type=\"section\">\n\t\t\t\t\t\t\t<div class=\"elementor-background-overlay\"><\/div>\n\t\t\t\t\t\t\t<div class=\"elementor-container elementor-column-gap-default\">\n\t\t\t\t\t<div class=\"elementor-column elementor-col-50 elementor-top-column elementor-element elementor-element-265ffd4\" data-id=\"265ffd4\" data-element_type=\"column\" data-e-type=\"column\">\n\t\t\t<div class=\"elementor-widget-wrap elementor-element-populated\">\n\t\t\t\t\t\t<div class=\"elementor-element elementor-element-32b1ede elementor-widget elementor-widget-text-editor\" data-id=\"32b1ede\" data-element_type=\"widget\" data-e-type=\"widget\" data-widget_type=\"text-editor.default\">\n\t\t\t\t<div class=\"elementor-widget-container\">\n\t\t\t\t\t\t\t\t\t<p>federicotoledo.com &#8211; Todos los derechos reservados 2023<\/p>\t\t\t\t\t\t\t\t<\/div>\n\t\t\t\t<\/div>\n\t\t\t\t\t<\/div>\n\t\t<\/div>\n\t\t\t\t<div class=\"elementor-column elementor-col-50 elementor-top-column elementor-element elementor-element-8487252\" data-id=\"8487252\" data-element_type=\"column\" data-e-type=\"column\">\n\t\t\t<div class=\"elementor-widget-wrap elementor-element-populated\">\n\t\t\t\t\t\t<div class=\"elementor-element elementor-element-da4c7cd elementor-shape-circle e-grid-align-right elementor-grid-0 elementor-widget elementor-widget-social-icons\" data-id=\"da4c7cd\" data-element_type=\"widget\" data-e-type=\"widget\" data-widget_type=\"social-icons.default\">\n\t\t\t\t<div class=\"elementor-widget-container\">\n\t\t\t\t\t\t\t<div class=\"elementor-social-icons-wrapper elementor-grid\" role=\"list\">\n\t\t\t\t\t\t\t<span class=\"elementor-grid-item\" role=\"listitem\">\n\t\t\t\t\t<a class=\"elementor-icon elementor-social-icon elementor-social-icon-facebook elementor-repeater-item-7e5da79\" href=\"https:\/\/www.facebook.com\/licfedericotoledo\" target=\"_blank\">\n\t\t\t\t\t\t<span class=\"elementor-screen-only\">Facebook<\/span>\n\t\t\t\t\t\t<i aria-hidden=\"true\" class=\"fab fa-facebook\"><\/i>\t\t\t\t\t<\/a>\n\t\t\t\t<\/span>\n\t\t\t\t\t\t\t<span class=\"elementor-grid-item\" role=\"listitem\">\n\t\t\t\t\t<a class=\"elementor-icon elementor-social-icon elementor-social-icon-twitter elementor-repeater-item-20d3a97\" href=\"https:\/\/twitter.com\/i\/flow\/login?redirect_after_login=%2Ftoledofedepsico\" target=\"_blank\">\n\t\t\t\t\t\t<span class=\"elementor-screen-only\">Twitter<\/span>\n\t\t\t\t\t\t<i aria-hidden=\"true\" class=\"fab fa-twitter\"><\/i>\t\t\t\t\t<\/a>\n\t\t\t\t<\/span>\n\t\t\t\t\t\t\t<span class=\"elementor-grid-item\" role=\"listitem\">\n\t\t\t\t\t<a class=\"elementor-icon elementor-social-icon elementor-social-icon-instagram elementor-repeater-item-894943a\" href=\"https:\/\/www.instagram.com\/licfedericotoledo\/?hl=es\" target=\"_blank\">\n\t\t\t\t\t\t<span class=\"elementor-screen-only\">Instagram<\/span>\n\t\t\t\t\t\t<i aria-hidden=\"true\" class=\"fab fa-instagram\"><\/i>\t\t\t\t\t<\/a>\n\t\t\t\t<\/span>\n\t\t\t\t\t\t\t<span class=\"elementor-grid-item\" role=\"listitem\">\n\t\t\t\t\t<a class=\"elementor-icon elementor-social-icon elementor-social-icon-linkedin elementor-repeater-item-234ec82\" href=\"https:\/\/www.linkedin.com\/in\/pensardiferente\/?original_referer=https%3A%2F%2Ffedericotoledo.com%2F\" target=\"_blank\">\n\t\t\t\t\t\t<span class=\"elementor-screen-only\">Linkedin<\/span>\n\t\t\t\t\t\t<i aria-hidden=\"true\" class=\"fab fa-linkedin\"><\/i>\t\t\t\t\t<\/a>\n\t\t\t\t<\/span>\n\t\t\t\t\t\t\t<span class=\"elementor-grid-item\" role=\"listitem\">\n\t\t\t\t\t<a class=\"elementor-icon elementor-social-icon elementor-social-icon-tiktok elementor-repeater-item-99561b9\" href=\"https:\/\/www.tiktok.com\/@licfedericotoledo\" target=\"_blank\">\n\t\t\t\t\t\t<span class=\"elementor-screen-only\">Tiktok<\/span>\n\t\t\t\t\t\t<i aria-hidden=\"true\" class=\"fab fa-tiktok\"><\/i>\t\t\t\t\t<\/a>\n\t\t\t\t<\/span>\n\t\t\t\t\t<\/div>\n\t\t\t\t\t\t<\/div>\n\t\t\t\t<\/div>\n\t\t\t\t\t<\/div>\n\t\t<\/div>\n\t\t\t\t\t<\/div>\n\t\t<\/section>\n\t\t\t\t<\/div>\n\t\t","protected":false},"excerpt":{"rendered":"<p>PUBLICACIONES Bienestar Digital Reflexiones de un psic\u00f3logo en interacci\u00f3n con el Chat GPT toledofede Vida en modalidad reel Usos, temor y desconcierto ante la&#8230; LEER M\u00c1S Estr\u00e9s y Ansiedad Vida en modalidad reel toledofede Vida en modalidad reel La prisa constante y la obsesi\u00f3n&#8230; LEER M\u00c1S Bienestar Digital Dismorfia corporal y redes sociales toledofede Dismorfia&hellip;&nbsp;<a href=\"https:\/\/federicotoledo.com\/index.php\/2023\/07\/13\/vida-en-modalidad-reel\/\" rel=\"bookmark\">Leer m\u00e1s &raquo;<span class=\"screen-reader-text\">Vida en modalidad reel<\/span><\/a><\/p>\n","protected":false},"author":1,"featured_media":0,"parent":0,"menu_order":0,"comment_status":"closed","ping_status":"closed","template":"page-templates\/template-pagebuilder-full-width.php","meta":{"om_disable_all_campaigns":false,"_monsterinsights_skip_tracking":false,"_monsterinsights_sitenote_active":false,"_monsterinsights_sitenote_note":"","_monsterinsights_sitenote_category":0,"neve_meta_sidebar":"","neve_meta_container":"","neve_meta_enable_content_width":"","neve_meta_content_width":0,"neve_meta_title_alignment":"","neve_meta_author_avatar":"","neve_post_elements_order":"","neve_meta_disable_header":"","neve_meta_disable_footer":"","neve_meta_disable_title":"","footnotes":""},"class_list":["post-83","page","type-page","status-publish","hentry"],"_links":{"self":[{"href":"https:\/\/federicotoledo.com\/index.php\/wp-json\/wp\/v2\/pages\/83","targetHints":{"allow":["GET"]}}],"collection":[{"href":"https:\/\/federicotoledo.com\/index.php\/wp-json\/wp\/v2\/pages"}],"about":[{"href":"https:\/\/federicotoledo.com\/index.php\/wp-json\/wp\/v2\/types\/page"}],"author":[{"embeddable":true,"href":"https:\/\/federicotoledo.com\/index.php\/wp-json\/wp\/v2\/users\/1"}],"replies":[{"embeddable":true,"href":"https:\/\/federicotoledo.com\/index.php\/wp-json\/wp\/v2\/comments?post=83"}],"version-history":[{"count":35,"href":"https:\/\/federicotoledo.com\/index.php\/wp-json\/wp\/v2\/pages\/83\/revisions"}],"predecessor-version":[{"id":1531,"href":"https:\/\/federicotoledo.com\/index.php\/wp-json\/wp\/v2\/pages\/83\/revisions\/1531"}],"wp:attachment":[{"href":"https:\/\/federicotoledo.com\/index.php\/wp-json\/wp\/v2\/media?parent=83"}],"curies":[{"name":"wp","href":"https:\/\/api.w.org\/{rel}","templated":true}]}}